{"id":66,"date":"2023-06-18T11:20:32","date_gmt":"2023-06-18T10:20:32","guid":{"rendered":"https:\/\/impacturalgarve.pt\/?page_id=66"},"modified":"2023-08-05T19:18:20","modified_gmt":"2023-08-05T18:18:20","slug":"sazonalidade","status":"publish","type":"page","link":"https:\/\/impacturalgarve.pt\/en\/sazonalidade\/","title":{"rendered":"Seasonality"},"content":{"rendered":"<p>Hotel Establishments<\/p>\n\n\n\n<div class=\"wp-block-columns is-layout-flex wp-container-core-columns-is-layout-9d6595d7 wp-block-columns-is-layout-flex\">\n<div class=\"wp-block-column is-layout-flow wp-block-column-is-layout-flow\">\n<h3 class=\"wp-block-heading\">Room nights monthly distribution<\/h3>\n<\/div>\n\n\n\n<div class=\"wp-block-column is-layout-flow wp-block-column-is-layout-flow\">\n<h3 class=\"wp-block-heading\">Proportion of Room nights between July and September<\/h3>\n<\/div>\n<\/div>\n\n\n\n<div class=\"wp-block-columns is-layout-flex wp-container-core-columns-is-layout-9d6595d7 wp-block-columns-is-layout-flex\">\n<div class=\"wp-block-column is-layout-flow wp-block-column-is-layout-flow\"><div class=\"visualizer-front-container visualizer-lazy-render\" id=\"chart_wrapper_visualizer-109-95390831\"><div class=\"visualizer-actions\"><a href=\"#\" class=\"visualizer-action visualizer-action-image\" data-visualizer-type=\"image\" data-visualizer-chart-id=\"109\" data-visualizer-container-id=\"visualizer-109-95390831\" data-visualizer-mime=\"\" title=\"Download as an image\">Download<\/a> &nbsp;<\/div><style type=\"text\/css\" name=\"visualizer-custom-css\" id=\"customcss-visualizer-109\">.locker,.locker-loader{position:absolute;top:0;left:0;width:100%;height:100%}.locker{z-index:1000;opacity:.8;background-color:#fff;-ms-filter:\"progid:DXImageTransform.Microsoft.Alpha(Opacity=80)\";filter:alpha(opacity=80)}.locker-loader{z-index:1001;background:url(https:\/\/impacturalgarve.pt\/wp-content\/plugins\/visualizer\/images\/ajax-loader.gif) no-repeat center center}.dt-button{display:none!important}.visualizer-front-container.visualizer-lazy-render{content-visibility: auto;}.google-visualization-controls-categoryfilter label.google-visualization-controls-label {vertical-align: middle;}.google-visualization-controls-categoryfilter li.goog-inline-block {margin: 0 0.2em;}.google-visualization-controls-categoryfilter li {padding: 0 0.2em;}.visualizer-front-container .dataTables_scrollHeadInner{margin: 0 auto;}.visualizer-editor-front-container{position:relative;width:auto;margin:5%;background:#fff}.visualizer-editor-front{overflow:hidden;width:100%;height:500px}.visualizer-editor-front-actions{padding-bottom:3px}.visualizer-editor-save,.visualizer-editor-cancel{margin:0 4px;padding:2px 15px}.visualizer-cw-error .visualizer-actions{display:none !important;} <\/style><div id=\"visualizer-109-95390831\" class=\"visualizer-front  visualizer-front-109\"><\/div><!-- Not showing structured data for chart 109 because description is empty --><\/div>\n<\/div>\n\n\n\n<div class=\"wp-block-column is-layout-flow wp-block-column-is-layout-flow\"><div class=\"visualizer-front-container visualizer-lazy-render\" id=\"chart_wrapper_visualizer-533-529070020\"><div class=\"visualizer-actions\"><a href=\"#\" class=\"visualizer-action visualizer-action-image\" data-visualizer-type=\"image\" data-visualizer-chart-id=\"533\" data-visualizer-container-id=\"visualizer-533-529070020\" data-visualizer-mime=\"\" title=\"Download as an image\">Download<\/a> &nbsp;<\/div><style type=\"text\/css\" name=\"visualizer-custom-css\" id=\"customcss-visualizer-533\">.locker,.locker-loader{position:absolute;top:0;left:0;width:100%;height:100%}.locker{z-index:1000;opacity:.8;background-color:#fff;-ms-filter:\"progid:DXImageTransform.Microsoft.Alpha(Opacity=80)\";filter:alpha(opacity=80)}.locker-loader{z-index:1001;background:url(https:\/\/impacturalgarve.pt\/wp-content\/plugins\/visualizer\/images\/ajax-loader.gif) no-repeat center center}.dt-button{display:none!important}.visualizer-front-container.visualizer-lazy-render{content-visibility: auto;}.google-visualization-controls-categoryfilter label.google-visualization-controls-label {vertical-align: middle;}.google-visualization-controls-categoryfilter li.goog-inline-block {margin: 0 0.2em;}.google-visualization-controls-categoryfilter li {padding: 0 0.2em;}.visualizer-front-container .dataTables_scrollHeadInner{margin: 0 auto;}.visualizer-editor-front-container{position:relative;width:auto;margin:5%;background:#fff}.visualizer-editor-front{overflow:hidden;width:100%;height:500px}.visualizer-editor-front-actions{padding-bottom:3px}.visualizer-editor-save,.visualizer-editor-cancel{margin:0 4px;padding:2px 15px}.visualizer-cw-error .visualizer-actions{display:none !important;} <\/style><div id=\"visualizer-533-529070020\" class=\"visualizer-front  visualizer-front-533\"><\/div><!-- Not showing structured data for chart 533 because description is empty --><\/div>\n<\/div>\n<\/div>\n\n\n\n<div class=\"wp-block-columns is-layout-flex wp-container-core-columns-is-layout-9d6595d7 wp-block-columns-is-layout-flex\">\n<div class=\"wp-block-column is-layout-flow wp-block-column-is-layout-flow\">\n<h3 class=\"wp-block-heading\">Room nights Coefficient of variation, 2013-19<\/h3>\n<\/div>\n\n\n\n<div class=\"wp-block-column is-layout-flow wp-block-column-is-layout-flow\">\n<h3 class=\"wp-block-heading\">Room nights Coefficient of variation, 2019-22<\/h3>\n<\/div>\n<\/div>\n\n\n\n<div class=\"wp-block-columns is-layout-flex wp-container-core-columns-is-layout-9d6595d7 wp-block-columns-is-layout-flex\">\n<div class=\"wp-block-column is-layout-flow wp-block-column-is-layout-flow\"><div class=\"visualizer-front-container visualizer-lazy-render\" id=\"chart_wrapper_visualizer-525-1978530429\"><div class=\"visualizer-actions\"><a href=\"#\" class=\"visualizer-action visualizer-action-image\" data-visualizer-type=\"image\" data-visualizer-chart-id=\"525\" data-visualizer-container-id=\"visualizer-525-1978530429\" data-visualizer-mime=\"\" title=\"Download as an image\">Download<\/a> &nbsp;<\/div><style type=\"text\/css\" name=\"visualizer-custom-css\" id=\"customcss-visualizer-525\">.locker,.locker-loader{position:absolute;top:0;left:0;width:100%;height:100%}.locker{z-index:1000;opacity:.8;background-color:#fff;-ms-filter:\"progid:DXImageTransform.Microsoft.Alpha(Opacity=80)\";filter:alpha(opacity=80)}.locker-loader{z-index:1001;background:url(https:\/\/impacturalgarve.pt\/wp-content\/plugins\/visualizer\/images\/ajax-loader.gif) no-repeat center center}.dt-button{display:none!important}.visualizer-front-container.visualizer-lazy-render{content-visibility: auto;}.google-visualization-controls-categoryfilter label.google-visualization-controls-label {vertical-align: middle;}.google-visualization-controls-categoryfilter li.goog-inline-block {margin: 0 0.2em;}.google-visualization-controls-categoryfilter li {padding: 0 0.2em;}.visualizer-front-container .dataTables_scrollHeadInner{margin: 0 auto;}.visualizer-editor-front-container{position:relative;width:auto;margin:5%;background:#fff}.visualizer-editor-front{overflow:hidden;width:100%;height:500px}.visualizer-editor-front-actions{padding-bottom:3px}.visualizer-editor-save,.visualizer-editor-cancel{margin:0 4px;padding:2px 15px}.visualizer-cw-error .visualizer-actions{display:none !important;} <\/style><div id=\"visualizer-525-1978530429\" class=\"visualizer-front  visualizer-front-525\"><\/div><!-- Not showing structured data for chart 525 because description is empty --><\/div>\n<\/div>\n\n\n\n<div class=\"wp-block-column is-layout-flow wp-block-column-is-layout-flow\"><div class=\"visualizer-front-container visualizer-lazy-render\" id=\"chart_wrapper_visualizer-460-1805024802\"><div class=\"visualizer-actions\"><a href=\"#\" class=\"visualizer-action visualizer-action-image\" data-visualizer-type=\"image\" data-visualizer-chart-id=\"460\" data-visualizer-container-id=\"visualizer-460-1805024802\" data-visualizer-mime=\"\" title=\"Download as an image\">Download<\/a> &nbsp;<\/div><style type=\"text\/css\" name=\"visualizer-custom-css\" id=\"customcss-visualizer-460\">.locker,.locker-loader{position:absolute;top:0;left:0;width:100%;height:100%}.locker{z-index:1000;opacity:.8;background-color:#fff;-ms-filter:\"progid:DXImageTransform.Microsoft.Alpha(Opacity=80)\";filter:alpha(opacity=80)}.locker-loader{z-index:1001;background:url(https:\/\/impacturalgarve.pt\/wp-content\/plugins\/visualizer\/images\/ajax-loader.gif) no-repeat center center}.dt-button{display:none!important}.visualizer-front-container.visualizer-lazy-render{content-visibility: auto;}.google-visualization-controls-categoryfilter label.google-visualization-controls-label {vertical-align: middle;}.google-visualization-controls-categoryfilter li.goog-inline-block {margin: 0 0.2em;}.google-visualization-controls-categoryfilter li {padding: 0 0.2em;}.visualizer-front-container .dataTables_scrollHeadInner{margin: 0 auto;}.visualizer-editor-front-container{position:relative;width:auto;margin:5%;background:#fff}.visualizer-editor-front{overflow:hidden;width:100%;height:500px}.visualizer-editor-front-actions{padding-bottom:3px}.visualizer-editor-save,.visualizer-editor-cancel{margin:0 4px;padding:2px 15px}.visualizer-cw-error .visualizer-actions{display:none !important;} <\/style><div id=\"visualizer-460-1805024802\" class=\"visualizer-front  visualizer-front-460\"><\/div><!-- Not showing structured data for chart 460 because description is empty --><\/div>\n<\/div>\n<\/div>","protected":false},"excerpt":{"rendered":"<p>Estabelecimentos de alojamento tur\u00edstico Distribui\u00e7\u00e3o mensal das dormidas, 2019 Propor\u00e7\u00e3o de dormidas entre julho-setembro Coeficiente Varia\u00e7\u00e3o dormidas, 2013-19 Coeficiente Varia\u00e7\u00e3o dormidas, 2019-22<\/p>","protected":false},"author":1,"featured_media":0,"parent":0,"menu_order":0,"comment_status":"closed","ping_status":"closed","template":"","meta":{"inline_featured_image":false,"footnotes":""},"class_list":["post-66","page","type-page","status-publish","hentry"],"_links":{"self":[{"href":"https:\/\/impacturalgarve.pt\/en\/wp-json\/wp\/v2\/pages\/66","targetHints":{"allow":["GET"]}}],"collection":[{"href":"https:\/\/impacturalgarve.pt\/en\/wp-json\/wp\/v2\/pages"}],"about":[{"href":"https:\/\/impacturalgarve.pt\/en\/wp-json\/wp\/v2\/types\/page"}],"author":[{"embeddable":true,"href":"https:\/\/impacturalgarve.pt\/en\/wp-json\/wp\/v2\/users\/1"}],"replies":[{"embeddable":true,"href":"https:\/\/impacturalgarve.pt\/en\/wp-json\/wp\/v2\/comments?post=66"}],"version-history":[{"count":9,"href":"https:\/\/impacturalgarve.pt\/en\/wp-json\/wp\/v2\/pages\/66\/revisions"}],"predecessor-version":[{"id":542,"href":"https:\/\/impacturalgarve.pt\/en\/wp-json\/wp\/v2\/pages\/66\/revisions\/542"}],"wp:attachment":[{"href":"https:\/\/impacturalgarve.pt\/en\/wp-json\/wp\/v2\/media?parent=66"}],"curies":[{"name":"wp","href":"https:\/\/api.w.org\/{rel}","templated":true}]}}