{"id":19,"date":"2023-06-17T09:39:06","date_gmt":"2023-06-17T08:39:06","guid":{"rendered":"https:\/\/impacturalgarve.pt\/?page_id=19"},"modified":"2023-08-05T12:54:04","modified_gmt":"2023-08-05T11:54:04","slug":"acessibilidade-e-mobilidade","status":"publish","type":"page","link":"https:\/\/impacturalgarve.pt\/en\/acessibilidade-e-mobilidade\/","title":{"rendered":"ACCESSIBILITY"},"content":{"rendered":"<h2 class=\"wp-block-heading\">Air transport<\/h2>\n\n\n\n<h3 class=\"wp-block-heading\">Total Passengers 2004-2022<\/h3>\n\n\n\n<h4 class=\"wp-block-heading\">Absolute evolution<\/h4>\n\n\n<div class=\"visualizer-front-container visualizer-lazy-render\" id=\"chart_wrapper_visualizer-350-1314687362\"><div class=\"visualizer-actions\"><a href=\"#\" class=\"visualizer-action visualizer-action-image\" data-visualizer-type=\"image\" data-visualizer-chart-id=\"350\" data-visualizer-container-id=\"visualizer-350-1314687362\" data-visualizer-mime=\"\" title=\"Download as an image\">Download<\/a> &nbsp;<\/div><style type=\"text\/css\" name=\"visualizer-custom-css\" id=\"customcss-visualizer-350\">.locker,.locker-loader{position:absolute;top:0;left:0;width:100%;height:100%}.locker{z-index:1000;opacity:.8;background-color:#fff;-ms-filter:\"progid:DXImageTransform.Microsoft.Alpha(Opacity=80)\";filter:alpha(opacity=80)}.locker-loader{z-index:1001;background:url(https:\/\/impacturalgarve.pt\/wp-content\/plugins\/visualizer\/images\/ajax-loader.gif) no-repeat center center}.dt-button{display:none!important}.visualizer-front-container.visualizer-lazy-render{content-visibility: auto;}.google-visualization-controls-categoryfilter label.google-visualization-controls-label {vertical-align: middle;}.google-visualization-controls-categoryfilter li.goog-inline-block {margin: 0 0.2em;}.google-visualization-controls-categoryfilter li {padding: 0 0.2em;}.visualizer-front-container .dataTables_scrollHeadInner{margin: 0 auto;}.visualizer-editor-front-container{position:relative;width:auto;margin:5%;background:#fff}.visualizer-editor-front{overflow:hidden;width:100%;height:500px}.visualizer-editor-front-actions{padding-bottom:3px}.visualizer-editor-save,.visualizer-editor-cancel{margin:0 4px;padding:2px 15px}.visualizer-cw-error .visualizer-actions{display:none !important;} <\/style><div id=\"visualizer-350-1314687362\" class=\"visualizer-front  visualizer-front-350\"><\/div><!-- Not showing structured data for chart 350 because description is shorter than 50 characters --><\/div>\n\n\n\n<h4 class=\"wp-block-heading\">Relative growth<\/h4>\n\n\n<div class=\"visualizer-front-container visualizer-lazy-render\" id=\"chart_wrapper_visualizer-358-559076119\"><div class=\"visualizer-actions\"><a href=\"#\" class=\"visualizer-action visualizer-action-image\" data-visualizer-type=\"image\" data-visualizer-chart-id=\"358\" data-visualizer-container-id=\"visualizer-358-559076119\" data-visualizer-mime=\"\" title=\"Download as an image\">Download<\/a> &nbsp;<\/div><style type=\"text\/css\" name=\"visualizer-custom-css\" id=\"customcss-visualizer-358\">.locker,.locker-loader{position:absolute;top:0;left:0;width:100%;height:100%}.locker{z-index:1000;opacity:.8;background-color:#fff;-ms-filter:\"progid:DXImageTransform.Microsoft.Alpha(Opacity=80)\";filter:alpha(opacity=80)}.locker-loader{z-index:1001;background:url(https:\/\/impacturalgarve.pt\/wp-content\/plugins\/visualizer\/images\/ajax-loader.gif) no-repeat center center}.dt-button{display:none!important}.visualizer-front-container.visualizer-lazy-render{content-visibility: auto;}.google-visualization-controls-categoryfilter label.google-visualization-controls-label {vertical-align: middle;}.google-visualization-controls-categoryfilter li.goog-inline-block {margin: 0 0.2em;}.google-visualization-controls-categoryfilter li {padding: 0 0.2em;}.visualizer-front-container .dataTables_scrollHeadInner{margin: 0 auto;}.visualizer-editor-front-container{position:relative;width:auto;margin:5%;background:#fff}.visualizer-editor-front{overflow:hidden;width:100%;height:500px}.visualizer-editor-front-actions{padding-bottom:3px}.visualizer-editor-save,.visualizer-editor-cancel{margin:0 4px;padding:2px 15px}.visualizer-cw-error .visualizer-actions{display:none !important;} <\/style><div id=\"visualizer-358-559076119\" class=\"visualizer-front  visualizer-front-358 visualizer-lazy\"><\/div><!-- Not showing structured data for chart 358 because description is shorter than 50 characters --><\/div>\n\n\n\n<h3 class=\"wp-block-heading\">Total passengers by flight country of origin \/ destination - 2022<\/h3>\n\n\n\n<div class=\"wp-block-columns is-layout-flex wp-container-core-columns-is-layout-9d6595d7 wp-block-columns-is-layout-flex\">\n<div class=\"wp-block-column is-layout-flow wp-block-column-is-layout-flow\"><div class=\"visualizer-front-container visualizer-lazy-render\" id=\"chart_wrapper_visualizer-307-367681542\"><div class=\"visualizer-actions\"><a href=\"#\" class=\"visualizer-action visualizer-action-image\" data-visualizer-type=\"image\" data-visualizer-chart-id=\"307\" data-visualizer-container-id=\"visualizer-307-367681542\" data-visualizer-mime=\"\" title=\"Download as an image\">Download<\/a> &nbsp;<\/div><style type=\"text\/css\" name=\"visualizer-custom-css\" id=\"customcss-visualizer-307\">.locker,.locker-loader{position:absolute;top:0;left:0;width:100%;height:100%}.locker{z-index:1000;opacity:.8;background-color:#fff;-ms-filter:\"progid:DXImageTransform.Microsoft.Alpha(Opacity=80)\";filter:alpha(opacity=80)}.locker-loader{z-index:1001;background:url(https:\/\/impacturalgarve.pt\/wp-content\/plugins\/visualizer\/images\/ajax-loader.gif) no-repeat center center}.dt-button{display:none!important}.visualizer-front-container.visualizer-lazy-render{content-visibility: auto;}.google-visualization-controls-categoryfilter label.google-visualization-controls-label {vertical-align: middle;}.google-visualization-controls-categoryfilter li.goog-inline-block {margin: 0 0.2em;}.google-visualization-controls-categoryfilter li {padding: 0 0.2em;}.visualizer-front-container .dataTables_scrollHeadInner{margin: 0 auto;}.visualizer-editor-front-container{position:relative;width:auto;margin:5%;background:#fff}.visualizer-editor-front{overflow:hidden;width:100%;height:500px}.visualizer-editor-front-actions{padding-bottom:3px}.visualizer-editor-save,.visualizer-editor-cancel{margin:0 4px;padding:2px 15px}.visualizer-cw-error .visualizer-actions{display:none !important;} <\/style><div id=\"visualizer-307-367681542\" class=\"visualizer-front  visualizer-front-307\"><\/div><!-- Not showing structured data for chart 307 because description is empty --><\/div>\n<\/div>\n\n\n\n<div class=\"wp-block-column is-layout-flow wp-block-column-is-layout-flow\"><div class=\"visualizer-front-container visualizer-lazy-render\" id=\"chart_wrapper_visualizer-315-579318146\"><div class=\"visualizer-actions\"><a href=\"#\" class=\"visualizer-action visualizer-action-image\" data-visualizer-type=\"image\" data-visualizer-chart-id=\"315\" data-visualizer-container-id=\"visualizer-315-579318146\" data-visualizer-mime=\"\" title=\"Download as an image\">Download<\/a> &nbsp;<\/div><style type=\"text\/css\" name=\"visualizer-custom-css\" id=\"customcss-visualizer-315\">.locker,.locker-loader{position:absolute;top:0;left:0;width:100%;height:100%}.locker{z-index:1000;opacity:.8;background-color:#fff;-ms-filter:\"progid:DXImageTransform.Microsoft.Alpha(Opacity=80)\";filter:alpha(opacity=80)}.locker-loader{z-index:1001;background:url(https:\/\/impacturalgarve.pt\/wp-content\/plugins\/visualizer\/images\/ajax-loader.gif) no-repeat center center}.dt-button{display:none!important}.visualizer-front-container.visualizer-lazy-render{content-visibility: auto;}.google-visualization-controls-categoryfilter label.google-visualization-controls-label {vertical-align: middle;}.google-visualization-controls-categoryfilter li.goog-inline-block {margin: 0 0.2em;}.google-visualization-controls-categoryfilter li {padding: 0 0.2em;}.visualizer-front-container .dataTables_scrollHeadInner{margin: 0 auto;}.visualizer-editor-front-container{position:relative;width:auto;margin:5%;background:#fff}.visualizer-editor-front{overflow:hidden;width:100%;height:500px}.visualizer-editor-front-actions{padding-bottom:3px}.visualizer-editor-save,.visualizer-editor-cancel{margin:0 4px;padding:2px 15px}.visualizer-cw-error .visualizer-actions{display:none !important;} <\/style><div id=\"visualizer-315-579318146\" class=\"visualizer-front  visualizer-front-315 visualizer-lazy\"><\/div><!-- Not showing structured data for chart 315 because description is empty --><\/div>\n<\/div>\n\n\n\n<div class=\"wp-block-column is-layout-flow wp-block-column-is-layout-flow\"><div class=\"visualizer-front-container visualizer-lazy-render\" id=\"chart_wrapper_visualizer-319-1502092197\"><div class=\"visualizer-actions\"><a href=\"#\" class=\"visualizer-action visualizer-action-image\" data-visualizer-type=\"image\" data-visualizer-chart-id=\"319\" data-visualizer-container-id=\"visualizer-319-1502092197\" data-visualizer-mime=\"\" title=\"Download as an image\">Download<\/a> &nbsp;<\/div><style type=\"text\/css\" name=\"visualizer-custom-css\" id=\"customcss-visualizer-319\">.locker,.locker-loader{position:absolute;top:0;left:0;width:100%;height:100%}.locker{z-index:1000;opacity:.8;background-color:#fff;-ms-filter:\"progid:DXImageTransform.Microsoft.Alpha(Opacity=80)\";filter:alpha(opacity=80)}.locker-loader{z-index:1001;background:url(https:\/\/impacturalgarve.pt\/wp-content\/plugins\/visualizer\/images\/ajax-loader.gif) no-repeat center center}.dt-button{display:none!important}.visualizer-front-container.visualizer-lazy-render{content-visibility: auto;}.google-visualization-controls-categoryfilter label.google-visualization-controls-label {vertical-align: middle;}.google-visualization-controls-categoryfilter li.goog-inline-block {margin: 0 0.2em;}.google-visualization-controls-categoryfilter li {padding: 0 0.2em;}.visualizer-front-container .dataTables_scrollHeadInner{margin: 0 auto;}.visualizer-editor-front-container{position:relative;width:auto;margin:5%;background:#fff}.visualizer-editor-front{overflow:hidden;width:100%;height:500px}.visualizer-editor-front-actions{padding-bottom:3px}.visualizer-editor-save,.visualizer-editor-cancel{margin:0 4px;padding:2px 15px}.visualizer-cw-error .visualizer-actions{display:none !important;} <\/style><div id=\"visualizer-319-1502092197\" class=\"visualizer-front  visualizer-front-319 visualizer-lazy\"><\/div><!-- Not showing structured data for chart 319 because description is empty --><\/div>\n<\/div>\n<\/div>\n\n\n\n<div class=\"wp-block-columns is-layout-flex wp-container-core-columns-is-layout-9d6595d7 wp-block-columns-is-layout-flex\">\n<div class=\"wp-block-column is-layout-flow wp-block-column-is-layout-flow\"><div class=\"visualizer-front-container visualizer-lazy-render\" id=\"chart_wrapper_visualizer-323-2051236867\"><div class=\"visualizer-actions\"><a href=\"#\" class=\"visualizer-action visualizer-action-image\" data-visualizer-type=\"image\" data-visualizer-chart-id=\"323\" data-visualizer-container-id=\"visualizer-323-2051236867\" data-visualizer-mime=\"\" title=\"Download as an image\">Download<\/a> &nbsp;<\/div><style type=\"text\/css\" name=\"visualizer-custom-css\" id=\"customcss-visualizer-323\">.locker,.locker-loader{position:absolute;top:0;left:0;width:100%;height:100%}.locker{z-index:1000;opacity:.8;background-color:#fff;-ms-filter:\"progid:DXImageTransform.Microsoft.Alpha(Opacity=80)\";filter:alpha(opacity=80)}.locker-loader{z-index:1001;background:url(https:\/\/impacturalgarve.pt\/wp-content\/plugins\/visualizer\/images\/ajax-loader.gif) no-repeat center center}.dt-button{display:none!important}.visualizer-front-container.visualizer-lazy-render{content-visibility: auto;}.google-visualization-controls-categoryfilter label.google-visualization-controls-label {vertical-align: middle;}.google-visualization-controls-categoryfilter li.goog-inline-block {margin: 0 0.2em;}.google-visualization-controls-categoryfilter li {padding: 0 0.2em;}.visualizer-front-container .dataTables_scrollHeadInner{margin: 0 auto;}.visualizer-editor-front-container{position:relative;width:auto;margin:5%;background:#fff}.visualizer-editor-front{overflow:hidden;width:100%;height:500px}.visualizer-editor-front-actions{padding-bottom:3px}.visualizer-editor-save,.visualizer-editor-cancel{margin:0 4px;padding:2px 15px}.visualizer-cw-error .visualizer-actions{display:none !important;} <\/style><div id=\"visualizer-323-2051236867\" class=\"visualizer-front  visualizer-front-323 visualizer-lazy\"><\/div><!-- Not showing structured data for chart 323 because description is empty --><\/div>\n<\/div>\n\n\n\n<div class=\"wp-block-column is-layout-flow wp-block-column-is-layout-flow\"><div class=\"visualizer-front-container visualizer-lazy-render\" id=\"chart_wrapper_visualizer-328-451474572\"><div class=\"visualizer-actions\"><a href=\"#\" class=\"visualizer-action visualizer-action-image\" data-visualizer-type=\"image\" data-visualizer-chart-id=\"328\" data-visualizer-container-id=\"visualizer-328-451474572\" data-visualizer-mime=\"\" title=\"Download as an image\">Download<\/a> &nbsp;<\/div><style type=\"text\/css\" name=\"visualizer-custom-css\" id=\"customcss-visualizer-328\">.locker,.locker-loader{position:absolute;top:0;left:0;width:100%;height:100%}.locker{z-index:1000;opacity:.8;background-color:#fff;-ms-filter:\"progid:DXImageTransform.Microsoft.Alpha(Opacity=80)\";filter:alpha(opacity=80)}.locker-loader{z-index:1001;background:url(https:\/\/impacturalgarve.pt\/wp-content\/plugins\/visualizer\/images\/ajax-loader.gif) no-repeat center center}.dt-button{display:none!important}.visualizer-front-container.visualizer-lazy-render{content-visibility: auto;}.google-visualization-controls-categoryfilter label.google-visualization-controls-label {vertical-align: middle;}.google-visualization-controls-categoryfilter li.goog-inline-block {margin: 0 0.2em;}.google-visualization-controls-categoryfilter li {padding: 0 0.2em;}.visualizer-front-container .dataTables_scrollHeadInner{margin: 0 auto;}.visualizer-editor-front-container{position:relative;width:auto;margin:5%;background:#fff}.visualizer-editor-front{overflow:hidden;width:100%;height:500px}.visualizer-editor-front-actions{padding-bottom:3px}.visualizer-editor-save,.visualizer-editor-cancel{margin:0 4px;padding:2px 15px}.visualizer-cw-error .visualizer-actions{display:none !important;} <\/style><div id=\"visualizer-328-451474572\" class=\"visualizer-front  visualizer-front-328 visualizer-lazy\"><\/div><!-- Not showing structured data for chart 328 because description is empty --><\/div>\n<\/div>\n\n\n\n<div class=\"wp-block-column is-layout-flow wp-block-column-is-layout-flow\"><div class=\"visualizer-front-container visualizer-lazy-render\" id=\"chart_wrapper_visualizer-332-2137406043\"><div class=\"visualizer-actions\"><a href=\"#\" class=\"visualizer-action visualizer-action-image\" data-visualizer-type=\"image\" data-visualizer-chart-id=\"332\" data-visualizer-container-id=\"visualizer-332-2137406043\" data-visualizer-mime=\"\" title=\"Download as an image\">Download<\/a> &nbsp;<\/div><style type=\"text\/css\" name=\"visualizer-custom-css\" id=\"customcss-visualizer-332\">.locker,.locker-loader{position:absolute;top:0;left:0;width:100%;height:100%}.locker{z-index:1000;opacity:.8;background-color:#fff;-ms-filter:\"progid:DXImageTransform.Microsoft.Alpha(Opacity=80)\";filter:alpha(opacity=80)}.locker-loader{z-index:1001;background:url(https:\/\/impacturalgarve.pt\/wp-content\/plugins\/visualizer\/images\/ajax-loader.gif) no-repeat center center}.dt-button{display:none!important}.visualizer-front-container.visualizer-lazy-render{content-visibility: auto;}.google-visualization-controls-categoryfilter label.google-visualization-controls-label {vertical-align: middle;}.google-visualization-controls-categoryfilter li.goog-inline-block {margin: 0 0.2em;}.google-visualization-controls-categoryfilter li {padding: 0 0.2em;}.visualizer-front-container .dataTables_scrollHeadInner{margin: 0 auto;}.visualizer-editor-front-container{position:relative;width:auto;margin:5%;background:#fff}.visualizer-editor-front{overflow:hidden;width:100%;height:500px}.visualizer-editor-front-actions{padding-bottom:3px}.visualizer-editor-save,.visualizer-editor-cancel{margin:0 4px;padding:2px 15px}.visualizer-cw-error .visualizer-actions{display:none !important;} <\/style><div id=\"visualizer-332-2137406043\" class=\"visualizer-front  visualizer-front-332 visualizer-lazy\"><\/div><!-- Not showing structured data for chart 332 because description is empty --><\/div>\n<\/div>\n<\/div>","protected":false},"excerpt":{"rendered":"<p>Transporte A\u00e9reo Movimento de passageiros 2004-2022 Evolu\u00e7\u00e3o absoluta Evolu\u00e7\u00e3o relativa Movimento de passageiros por pa\u00eds de origem \/ destino do voo &#8211; 2022<\/p>","protected":false},"author":1,"featured_media":0,"parent":0,"menu_order":0,"comment_status":"closed","ping_status":"closed","template":"","meta":{"inline_featured_image":false,"footnotes":""},"class_list":["post-19","page","type-page","status-publish","hentry"],"_links":{"self":[{"href":"https:\/\/impacturalgarve.pt\/en\/wp-json\/wp\/v2\/pages\/19","targetHints":{"allow":["GET"]}}],"collection":[{"href":"https:\/\/impacturalgarve.pt\/en\/wp-json\/wp\/v2\/pages"}],"about":[{"href":"https:\/\/impacturalgarve.pt\/en\/wp-json\/wp\/v2\/types\/page"}],"author":[{"embeddable":true,"href":"https:\/\/impacturalgarve.pt\/en\/wp-json\/wp\/v2\/users\/1"}],"replies":[{"embeddable":true,"href":"https:\/\/impacturalgarve.pt\/en\/wp-json\/wp\/v2\/comments?post=19"}],"version-history":[{"count":11,"href":"https:\/\/impacturalgarve.pt\/en\/wp-json\/wp\/v2\/pages\/19\/revisions"}],"predecessor-version":[{"id":512,"href":"https:\/\/impacturalgarve.pt\/en\/wp-json\/wp\/v2\/pages\/19\/revisions\/512"}],"wp:attachment":[{"href":"https:\/\/impacturalgarve.pt\/en\/wp-json\/wp\/v2\/media?parent=19"}],"curies":[{"name":"wp","href":"https:\/\/api.w.org\/{rel}","templated":true}]}}