{"id":17,"date":"2023-06-17T09:38:25","date_gmt":"2023-06-17T08:38:25","guid":{"rendered":"https:\/\/impacturalgarve.pt\/?page_id=17"},"modified":"2023-08-05T15:57:24","modified_gmt":"2023-08-05T14:57:24","slug":"economia-e-empresa","status":"publish","type":"page","link":"https:\/\/impacturalgarve.pt\/en\/economia-e-empresa\/","title":{"rendered":"Business"},"content":{"rendered":"<h2 class=\"wp-block-heading\">Profitability Indicators<\/h2>\n\n\n\n<h3 class=\"wp-block-heading\">RevPAR - Revenue per Available Room<\/h3>\n\n\n\n<div class=\"wp-block-columns is-layout-flex wp-container-core-columns-is-layout-9d6595d7 wp-block-columns-is-layout-flex\">\n<div class=\"wp-block-column is-layout-flow wp-block-column-is-layout-flow\">\n<h4 class=\"wp-block-heading\">Absolute evolution<\/h4>\n<\/div>\n\n\n\n<div class=\"wp-block-column is-layout-flow wp-block-column-is-layout-flow\">\n<h4 class=\"wp-block-heading\">Relative growth<\/h4>\n<\/div>\n<\/div>\n\n\n\n<div class=\"wp-block-columns is-layout-flex wp-container-core-columns-is-layout-9d6595d7 wp-block-columns-is-layout-flex\">\n<div class=\"wp-block-column is-layout-flow wp-block-column-is-layout-flow\"><div class=\"visualizer-front-container visualizer-lazy-render\" id=\"chart_wrapper_visualizer-414-475159922\"><div class=\"visualizer-actions\"><a href=\"#\" class=\"visualizer-action visualizer-action-image\" data-visualizer-type=\"image\" data-visualizer-chart-id=\"414\" data-visualizer-container-id=\"visualizer-414-475159922\" data-visualizer-mime=\"\" title=\"Download as an image\">Download<\/a> &nbsp;<\/div><style type=\"text\/css\" name=\"visualizer-custom-css\" id=\"customcss-visualizer-414\">.locker,.locker-loader{position:absolute;top:0;left:0;width:100%;height:100%}.locker{z-index:1000;opacity:.8;background-color:#fff;-ms-filter:\"progid:DXImageTransform.Microsoft.Alpha(Opacity=80)\";filter:alpha(opacity=80)}.locker-loader{z-index:1001;background:url(https:\/\/impacturalgarve.pt\/wp-content\/plugins\/visualizer\/images\/ajax-loader.gif) no-repeat center center}.dt-button{display:none!important}.visualizer-front-container.visualizer-lazy-render{content-visibility: auto;}.google-visualization-controls-categoryfilter label.google-visualization-controls-label {vertical-align: middle;}.google-visualization-controls-categoryfilter li.goog-inline-block {margin: 0 0.2em;}.google-visualization-controls-categoryfilter li {padding: 0 0.2em;}.visualizer-front-container .dataTables_scrollHeadInner{margin: 0 auto;}.visualizer-editor-front-container{position:relative;width:auto;margin:5%;background:#fff}.visualizer-editor-front{overflow:hidden;width:100%;height:500px}.visualizer-editor-front-actions{padding-bottom:3px}.visualizer-editor-save,.visualizer-editor-cancel{margin:0 4px;padding:2px 15px}.visualizer-cw-error .visualizer-actions{display:none !important;} <\/style><div id=\"visualizer-414-475159922\" class=\"visualizer-front  visualizer-front-414\"><\/div><!-- Not showing structured data for chart 414 because description is shorter than 50 characters --><\/div>\n<\/div>\n\n\n\n<div class=\"wp-block-column is-layout-flow wp-block-column-is-layout-flow\"><div class=\"visualizer-front-container visualizer-lazy-render\" id=\"chart_wrapper_visualizer-422-448108468\"><div class=\"visualizer-actions\"><a href=\"#\" class=\"visualizer-action visualizer-action-image\" data-visualizer-type=\"image\" data-visualizer-chart-id=\"422\" data-visualizer-container-id=\"visualizer-422-448108468\" data-visualizer-mime=\"\" title=\"Download as an image\">Download<\/a> &nbsp;<\/div><style type=\"text\/css\" name=\"visualizer-custom-css\" id=\"customcss-visualizer-422\">.locker,.locker-loader{position:absolute;top:0;left:0;width:100%;height:100%}.locker{z-index:1000;opacity:.8;background-color:#fff;-ms-filter:\"progid:DXImageTransform.Microsoft.Alpha(Opacity=80)\";filter:alpha(opacity=80)}.locker-loader{z-index:1001;background:url(https:\/\/impacturalgarve.pt\/wp-content\/plugins\/visualizer\/images\/ajax-loader.gif) no-repeat center center}.dt-button{display:none!important}.visualizer-front-container.visualizer-lazy-render{content-visibility: auto;}.google-visualization-controls-categoryfilter label.google-visualization-controls-label {vertical-align: middle;}.google-visualization-controls-categoryfilter li.goog-inline-block {margin: 0 0.2em;}.google-visualization-controls-categoryfilter li {padding: 0 0.2em;}.visualizer-front-container .dataTables_scrollHeadInner{margin: 0 auto;}.visualizer-editor-front-container{position:relative;width:auto;margin:5%;background:#fff}.visualizer-editor-front{overflow:hidden;width:100%;height:500px}.visualizer-editor-front-actions{padding-bottom:3px}.visualizer-editor-save,.visualizer-editor-cancel{margin:0 4px;padding:2px 15px}.visualizer-cw-error .visualizer-actions{display:none !important;} <\/style><div id=\"visualizer-422-448108468\" class=\"visualizer-front  visualizer-front-422 visualizer-lazy\"><\/div><!-- Not showing structured data for chart 422 because description is shorter than 50 characters --><\/div>\n<\/div>\n<\/div>\n\n\n\n<h3 class=\"wp-block-heading\">ADR  - Average Daily Rate<\/h3>\n\n\n\n<div class=\"wp-block-columns is-layout-flex wp-container-core-columns-is-layout-9d6595d7 wp-block-columns-is-layout-flex\">\n<div class=\"wp-block-column is-layout-flow wp-block-column-is-layout-flow\">\n<h4 class=\"wp-block-heading\">Absolute evolution<\/h4>\n<\/div>\n\n\n\n<div class=\"wp-block-column is-layout-flow wp-block-column-is-layout-flow\">\n<h4 class=\"wp-block-heading\">Relative growth<\/h4>\n<\/div>\n<\/div>\n\n\n\n<div class=\"wp-block-columns is-layout-flex wp-container-core-columns-is-layout-9d6595d7 wp-block-columns-is-layout-flex\">\n<div class=\"wp-block-column is-layout-flow wp-block-column-is-layout-flow\"><div class=\"visualizer-front-container visualizer-lazy-render\" id=\"chart_wrapper_visualizer-418-1864268122\"><div class=\"visualizer-actions\"><a href=\"#\" class=\"visualizer-action visualizer-action-image\" data-visualizer-type=\"image\" data-visualizer-chart-id=\"418\" data-visualizer-container-id=\"visualizer-418-1864268122\" data-visualizer-mime=\"\" title=\"Download as an image\">Download<\/a> &nbsp;<\/div><style type=\"text\/css\" name=\"visualizer-custom-css\" id=\"customcss-visualizer-418\">.locker,.locker-loader{position:absolute;top:0;left:0;width:100%;height:100%}.locker{z-index:1000;opacity:.8;background-color:#fff;-ms-filter:\"progid:DXImageTransform.Microsoft.Alpha(Opacity=80)\";filter:alpha(opacity=80)}.locker-loader{z-index:1001;background:url(https:\/\/impacturalgarve.pt\/wp-content\/plugins\/visualizer\/images\/ajax-loader.gif) no-repeat center center}.dt-button{display:none!important}.visualizer-front-container.visualizer-lazy-render{content-visibility: auto;}.google-visualization-controls-categoryfilter label.google-visualization-controls-label {vertical-align: middle;}.google-visualization-controls-categoryfilter li.goog-inline-block {margin: 0 0.2em;}.google-visualization-controls-categoryfilter li {padding: 0 0.2em;}.visualizer-front-container .dataTables_scrollHeadInner{margin: 0 auto;}.visualizer-editor-front-container{position:relative;width:auto;margin:5%;background:#fff}.visualizer-editor-front{overflow:hidden;width:100%;height:500px}.visualizer-editor-front-actions{padding-bottom:3px}.visualizer-editor-save,.visualizer-editor-cancel{margin:0 4px;padding:2px 15px}.visualizer-cw-error .visualizer-actions{display:none !important;} <\/style><div id=\"visualizer-418-1864268122\" class=\"visualizer-front  visualizer-front-418 visualizer-lazy\"><\/div><!-- Not showing structured data for chart 418 because description is shorter than 50 characters --><\/div>\n<\/div>\n\n\n\n<div class=\"wp-block-column is-layout-flow wp-block-column-is-layout-flow\"><div class=\"visualizer-front-container visualizer-lazy-render\" id=\"chart_wrapper_visualizer-426-704565045\"><div class=\"visualizer-actions\"><a href=\"#\" class=\"visualizer-action visualizer-action-image\" data-visualizer-type=\"image\" data-visualizer-chart-id=\"426\" data-visualizer-container-id=\"visualizer-426-704565045\" data-visualizer-mime=\"\" title=\"Download as an image\">Download<\/a> &nbsp;<\/div><style type=\"text\/css\" name=\"visualizer-custom-css\" id=\"customcss-visualizer-426\">.locker,.locker-loader{position:absolute;top:0;left:0;width:100%;height:100%}.locker{z-index:1000;opacity:.8;background-color:#fff;-ms-filter:\"progid:DXImageTransform.Microsoft.Alpha(Opacity=80)\";filter:alpha(opacity=80)}.locker-loader{z-index:1001;background:url(https:\/\/impacturalgarve.pt\/wp-content\/plugins\/visualizer\/images\/ajax-loader.gif) no-repeat center center}.dt-button{display:none!important}.visualizer-front-container.visualizer-lazy-render{content-visibility: auto;}.google-visualization-controls-categoryfilter label.google-visualization-controls-label {vertical-align: middle;}.google-visualization-controls-categoryfilter li.goog-inline-block {margin: 0 0.2em;}.google-visualization-controls-categoryfilter li {padding: 0 0.2em;}.visualizer-front-container .dataTables_scrollHeadInner{margin: 0 auto;}.visualizer-editor-front-container{position:relative;width:auto;margin:5%;background:#fff}.visualizer-editor-front{overflow:hidden;width:100%;height:500px}.visualizer-editor-front-actions{padding-bottom:3px}.visualizer-editor-save,.visualizer-editor-cancel{margin:0 4px;padding:2px 15px}.visualizer-cw-error .visualizer-actions{display:none !important;} <\/style><div id=\"visualizer-426-704565045\" class=\"visualizer-front  visualizer-front-426 visualizer-lazy\"><\/div><!-- Not showing structured data for chart 426 because description is shorter than 50 characters --><\/div>\n<\/div>\n<\/div>\n\n\n\n<h2 class=\"wp-block-heading\">Employed Personnel<\/h2>\n\n\n\n<div class=\"wp-block-columns is-layout-flex wp-container-core-columns-is-layout-9d6595d7 wp-block-columns-is-layout-flex\">\n<div class=\"wp-block-column is-layout-flow wp-block-column-is-layout-flow\">\n<h4 class=\"wp-block-heading\">Absolute evolution<\/h4>\n<\/div>\n\n\n\n<div class=\"wp-block-column is-layout-flow wp-block-column-is-layout-flow\">\n<h4 class=\"wp-block-heading\">Relative growth<\/h4>\n<\/div>\n<\/div>\n\n\n\n<div class=\"wp-block-columns is-layout-flex wp-container-core-columns-is-layout-9d6595d7 wp-block-columns-is-layout-flex\">\n<div class=\"wp-block-column is-layout-flow wp-block-column-is-layout-flow\"><div class=\"visualizer-front-container visualizer-lazy-render\" id=\"chart_wrapper_visualizer-432-601242527\"><div class=\"visualizer-actions\"><a href=\"#\" class=\"visualizer-action visualizer-action-image\" data-visualizer-type=\"image\" data-visualizer-chart-id=\"432\" data-visualizer-container-id=\"visualizer-432-601242527\" data-visualizer-mime=\"\" title=\"Download as an image\">Download<\/a> &nbsp;<\/div><style type=\"text\/css\" name=\"visualizer-custom-css\" id=\"customcss-visualizer-432\">.locker,.locker-loader{position:absolute;top:0;left:0;width:100%;height:100%}.locker{z-index:1000;opacity:.8;background-color:#fff;-ms-filter:\"progid:DXImageTransform.Microsoft.Alpha(Opacity=80)\";filter:alpha(opacity=80)}.locker-loader{z-index:1001;background:url(https:\/\/impacturalgarve.pt\/wp-content\/plugins\/visualizer\/images\/ajax-loader.gif) no-repeat center center}.dt-button{display:none!important}.visualizer-front-container.visualizer-lazy-render{content-visibility: auto;}.google-visualization-controls-categoryfilter label.google-visualization-controls-label {vertical-align: middle;}.google-visualization-controls-categoryfilter li.goog-inline-block {margin: 0 0.2em;}.google-visualization-controls-categoryfilter li {padding: 0 0.2em;}.visualizer-front-container .dataTables_scrollHeadInner{margin: 0 auto;}.visualizer-editor-front-container{position:relative;width:auto;margin:5%;background:#fff}.visualizer-editor-front{overflow:hidden;width:100%;height:500px}.visualizer-editor-front-actions{padding-bottom:3px}.visualizer-editor-save,.visualizer-editor-cancel{margin:0 4px;padding:2px 15px}.visualizer-cw-error .visualizer-actions{display:none !important;} <\/style><div id=\"visualizer-432-601242527\" class=\"visualizer-front  visualizer-front-432 visualizer-lazy\"><\/div><!-- Not showing structured data for chart 432 because description is shorter than 50 characters --><\/div>\n<\/div>\n\n\n\n<div class=\"wp-block-column is-layout-flow wp-block-column-is-layout-flow\"><div class=\"visualizer-front-container visualizer-lazy-render\" id=\"chart_wrapper_visualizer-436-319382944\"><div class=\"visualizer-actions\"><a href=\"#\" class=\"visualizer-action visualizer-action-image\" data-visualizer-type=\"image\" data-visualizer-chart-id=\"436\" data-visualizer-container-id=\"visualizer-436-319382944\" data-visualizer-mime=\"\" title=\"Download as an image\">Download<\/a> &nbsp;<\/div><style type=\"text\/css\" name=\"visualizer-custom-css\" id=\"customcss-visualizer-436\">.locker,.locker-loader{position:absolute;top:0;left:0;width:100%;height:100%}.locker{z-index:1000;opacity:.8;background-color:#fff;-ms-filter:\"progid:DXImageTransform.Microsoft.Alpha(Opacity=80)\";filter:alpha(opacity=80)}.locker-loader{z-index:1001;background:url(https:\/\/impacturalgarve.pt\/wp-content\/plugins\/visualizer\/images\/ajax-loader.gif) no-repeat center center}.dt-button{display:none!important}.visualizer-front-container.visualizer-lazy-render{content-visibility: auto;}.google-visualization-controls-categoryfilter label.google-visualization-controls-label {vertical-align: middle;}.google-visualization-controls-categoryfilter li.goog-inline-block {margin: 0 0.2em;}.google-visualization-controls-categoryfilter li {padding: 0 0.2em;}.visualizer-front-container .dataTables_scrollHeadInner{margin: 0 auto;}.visualizer-editor-front-container{position:relative;width:auto;margin:5%;background:#fff}.visualizer-editor-front{overflow:hidden;width:100%;height:500px}.visualizer-editor-front-actions{padding-bottom:3px}.visualizer-editor-save,.visualizer-editor-cancel{margin:0 4px;padding:2px 15px}.visualizer-cw-error .visualizer-actions{display:none !important;} <\/style><div id=\"visualizer-436-319382944\" class=\"visualizer-front  visualizer-front-436 visualizer-lazy\"><\/div><!-- Not showing structured data for chart 436 because description is shorter than 50 characters --><\/div>\n<\/div>\n<\/div>\n\n\n\n<h4 class=\"wp-block-heading\">Personnel employed by lodging units relative to total employment<\/h4>\n\n\n<div class=\"visualizer-front-container visualizer-lazy-render\" id=\"chart_wrapper_visualizer-444-553367814\"><div class=\"visualizer-actions\"><a href=\"#\" class=\"visualizer-action visualizer-action-image\" data-visualizer-type=\"image\" data-visualizer-chart-id=\"444\" data-visualizer-container-id=\"visualizer-444-553367814\" data-visualizer-mime=\"\" title=\"Download as an image\">Download<\/a> &nbsp;<\/div><style type=\"text\/css\" name=\"visualizer-custom-css\" id=\"customcss-visualizer-444\">.locker,.locker-loader{position:absolute;top:0;left:0;width:100%;height:100%}.locker{z-index:1000;opacity:.8;background-color:#fff;-ms-filter:\"progid:DXImageTransform.Microsoft.Alpha(Opacity=80)\";filter:alpha(opacity=80)}.locker-loader{z-index:1001;background:url(https:\/\/impacturalgarve.pt\/wp-content\/plugins\/visualizer\/images\/ajax-loader.gif) no-repeat center center}.dt-button{display:none!important}.visualizer-front-container.visualizer-lazy-render{content-visibility: auto;}.google-visualization-controls-categoryfilter label.google-visualization-controls-label {vertical-align: middle;}.google-visualization-controls-categoryfilter li.goog-inline-block {margin: 0 0.2em;}.google-visualization-controls-categoryfilter li {padding: 0 0.2em;}.visualizer-front-container .dataTables_scrollHeadInner{margin: 0 auto;}.visualizer-editor-front-container{position:relative;width:auto;margin:5%;background:#fff}.visualizer-editor-front{overflow:hidden;width:100%;height:500px}.visualizer-editor-front-actions{padding-bottom:3px}.visualizer-editor-save,.visualizer-editor-cancel{margin:0 4px;padding:2px 15px}.visualizer-cw-error .visualizer-actions{display:none !important;} <\/style><div id=\"visualizer-444-553367814\" class=\"visualizer-front  visualizer-front-444 visualizer-lazy\"><\/div><!-- Not showing structured data for chart 444 because description is shorter than 50 characters --><\/div>","protected":false},"excerpt":{"rendered":"<p>Indicadores de Rentabilidade Rendimento m\u00e9dio por quarto dispon\u00edvel Evolu\u00e7\u00e3o absoluta Evolu\u00e7\u00e3o relativa Rendimento m\u00e9dio por quarto ocupado Evolu\u00e7\u00e3o absoluta Evolu\u00e7\u00e3o relativa Pessoal ao servi\u00e7o Evolu\u00e7\u00e3o absoluta Evolu\u00e7\u00e3o relativa Peso do &#8230;<\/p>","protected":false},"author":1,"featured_media":0,"parent":0,"menu_order":0,"comment_status":"closed","ping_status":"closed","template":"","meta":{"inline_featured_image":false,"footnotes":""},"class_list":["post-17","page","type-page","status-publish","hentry"],"_links":{"self":[{"href":"https:\/\/impacturalgarve.pt\/en\/wp-json\/wp\/v2\/pages\/17","targetHints":{"allow":["GET"]}}],"collection":[{"href":"https:\/\/impacturalgarve.pt\/en\/wp-json\/wp\/v2\/pages"}],"about":[{"href":"https:\/\/impacturalgarve.pt\/en\/wp-json\/wp\/v2\/types\/page"}],"author":[{"embeddable":true,"href":"https:\/\/impacturalgarve.pt\/en\/wp-json\/wp\/v2\/users\/1"}],"replies":[{"embeddable":true,"href":"https:\/\/impacturalgarve.pt\/en\/wp-json\/wp\/v2\/comments?post=17"}],"version-history":[{"count":9,"href":"https:\/\/impacturalgarve.pt\/en\/wp-json\/wp\/v2\/pages\/17\/revisions"}],"predecessor-version":[{"id":517,"href":"https:\/\/impacturalgarve.pt\/en\/wp-json\/wp\/v2\/pages\/17\/revisions\/517"}],"wp:attachment":[{"href":"https:\/\/impacturalgarve.pt\/en\/wp-json\/wp\/v2\/media?parent=17"}],"curies":[{"name":"wp","href":"https:\/\/api.w.org\/{rel}","templated":true}]}}